{"id":1813,"date":"2026-01-29T14:50:43","date_gmt":"2026-01-29T14:50:43","guid":{"rendered":"https:\/\/dulichdaklak.site\/?post_type=product&#038;p=1813"},"modified":"2026-01-29T14:50:43","modified_gmt":"2026-01-29T14:50:43","slug":"may-tiet-trung-say-kho-va-dun-nuoc-giu-nhiet-da-chuc-nang-mm01","status":"publish","type":"product","link":"https:\/\/tangdongvatukyvanvui.vn\/en\/product\/may-tiet-trung-say-kho-va-dun-nuoc-giu-nhiet-da-chuc-nang-mm01","title":{"rendered":"MM01 Multifunctional Electric Sterilizer, Dryer, and Water Boiler with Keep Warm Function"},"content":{"rendered":"<h3>Ti\u1ec7t tr\u00f9ng\/S\u1ea5y kh\u00f4\/L\u00e0m s\u1eefa chua\/H\u1ea7m<\/h3>\n<ul>\n<li>Ch\u1ee9a 4 b\u00ecnh c\u1ed5 r\u1ed9ng.<\/li>\n<li>5 ch\u1ebf \u0111\u1ed9 l\u00e0m vi\u1ec7c: T\u1ef1 \u0111\u1ed9ng, ti\u1ec7t tr\u00f9ng, s\u1ea5y kh\u00f4, l\u00e0m s\u1eefa chua, h\u1ea7m.<\/li>\n<li>Trang b\u1ecb n\u1ed3i s\u1ee9 c\u00f3 n\u1eafp k\u00e8m.<\/li>\n<li>B\u1ea3o v\u1ec7 khi qu\u00e1 n\u00f3ng: T\u1ef1 \u0111\u1ed9ng t\u1eaft khi n\u01b0\u1edbc c\u1ea1n.<\/li>\n<li>\u0110i\u1ec1u ch\u1ec9nh 7 m\u1ee9c \u0111\u1ed9 s\u1ea5y kh\u00f4: 10\/20\/30\/40\/50\/60\/70 ph\u00fat.<\/li>\n<\/ul>\n<p><img loading=\"lazy\" decoding=\"async\" class=\"alignnone wp-image-10932\" src=\"https:\/\/genex.com.vn\/wp-content\/uploads\/2024\/02\/May-tiet-trung-say-kho-va-dun-nuoc-co-chuc-nang-giu-nhiet-da-chuc-nang-MM01-01-1024x1024-1-300x300.png\" sizes=\"auto, (max-width: 952px) 100vw, 952px\" srcset=\"https:\/\/genex.com.vn\/wp-content\/uploads\/2024\/02\/May-tiet-trung-say-kho-va-dun-nuoc-co-chuc-nang-giu-nhiet-da-chuc-nang-MM01-01-1024x1024-1-300x300.png 300w, https:\/\/genex.com.vn\/wp-content\/uploads\/2024\/02\/May-tiet-trung-say-kho-va-dun-nuoc-co-chuc-nang-giu-nhiet-da-chuc-nang-MM01-01-1024x1024-1-150x150.png 150w, https:\/\/genex.com.vn\/wp-content\/uploads\/2024\/02\/May-tiet-trung-say-kho-va-dun-nuoc-co-chuc-nang-giu-nhiet-da-chuc-nang-MM01-01-1024x1024-1-768x768.png 768w, https:\/\/genex.com.vn\/wp-content\/uploads\/2024\/02\/May-tiet-trung-say-kho-va-dun-nuoc-co-chuc-nang-giu-nhiet-da-chuc-nang-MM01-01-1024x1024-1-600x600.png 600w, https:\/\/genex.com.vn\/wp-content\/uploads\/2024\/02\/May-tiet-trung-say-kho-va-dun-nuoc-co-chuc-nang-giu-nhiet-da-chuc-nang-MM01-01-1024x1024-1-200x200.png 200w, https:\/\/genex.com.vn\/wp-content\/uploads\/2024\/02\/May-tiet-trung-say-kho-va-dun-nuoc-co-chuc-nang-giu-nhiet-da-chuc-nang-MM01-01-1024x1024-1.png 1024w\" alt=\"m\u00e1y ti\u1ec7t tr\u00f9ng s\u1ea5y kh\u00f4 v\u00e0 \u0111un n\u01b0\u1edbc gi\u1eef nhi\u1ec7t \u0111a ch\u1ee9c n\u0103ng mm01\" width=\"952\" height=\"952\" \/><\/p>\n<h3>M\u00e1y \u0111un v\u00e0 h\u00e2m n\u01b0\u1edbc pha s\u1eefa<\/h3>\n<ul>\n<li>2 trong 1: \u0110un s\u00f4i v\u00e0 l\u00e0m \u1ea5m n\u01b0\u1edbc.<\/li>\n<li>Ch\u1ee9c n\u0103ng kh\u1eed clo: \u0110un s\u00f4i li\u00ean t\u1ee5c trong 5 ph\u00fat \u0111\u1ec3 lo\u1ea1i b\u1ecf h\u1ee3p ch\u1ea5t clo.<\/li>\n<li>Ph\u1ea1m vi \u0111i\u1ec1u khi\u1ec3n: 35\u00b0C \u2013 95\u00b0C<\/li>\n<li>Th\u1eddi gian l\u00e0m \u1ea5m: 48 ti\u1ebfng kh\u00f4ng ngh\u1ec9 (\u0111\u1ed1i v\u1edbi ch\u1ebf \u0111\u1ed9 d\u01b0\u1edbi 70\u00b0C)<\/li>\n<li>\u0110i\u1ec1u ch\u1ec9nh h\u1eb9n gi\u1edd\/\u0111\u1eb7t gi\u1edd.<\/li>\n<li>V\u1eadt li\u1ec7u ch\u1ea5t l\u01b0\u1ee3ng cao: \u0110\u1ebf \u0111un b\u1eb1ng th\u00e9p kh\u00f4ng g\u1ec9 ch\u1ea5t l\u01b0\u1ee3ng cao c\u00f3 kh\u1ea3 n\u0103ng truy\u1ec1n nhi\u1ec7t t\u1ed1t.<\/li>\n<li>Ch\u1ee9c n\u0103ng ghi nh\u1edb.<\/li>\n<\/ul>\n<p><img loading=\"lazy\" decoding=\"async\" class=\"alignnone wp-image-10933\" src=\"https:\/\/genex.com.vn\/wp-content\/uploads\/2024\/02\/May-tiet-trung-say-kho-va-dun-nuoc-co-chuc-nang-giu-nhiet-da-chuc-nang-MM01-02-1024x1024-1-300x300.png\" sizes=\"auto, (max-width: 1019px) 100vw, 1019px\" srcset=\"https:\/\/genex.com.vn\/wp-content\/uploads\/2024\/02\/May-tiet-trung-say-kho-va-dun-nuoc-co-chuc-nang-giu-nhiet-da-chuc-nang-MM01-02-1024x1024-1-300x300.png 300w, https:\/\/genex.com.vn\/wp-content\/uploads\/2024\/02\/May-tiet-trung-say-kho-va-dun-nuoc-co-chuc-nang-giu-nhiet-da-chuc-nang-MM01-02-1024x1024-1-150x150.png 150w, https:\/\/genex.com.vn\/wp-content\/uploads\/2024\/02\/May-tiet-trung-say-kho-va-dun-nuoc-co-chuc-nang-giu-nhiet-da-chuc-nang-MM01-02-1024x1024-1-768x768.png 768w, https:\/\/genex.com.vn\/wp-content\/uploads\/2024\/02\/May-tiet-trung-say-kho-va-dun-nuoc-co-chuc-nang-giu-nhiet-da-chuc-nang-MM01-02-1024x1024-1-600x600.png 600w, https:\/\/genex.com.vn\/wp-content\/uploads\/2024\/02\/May-tiet-trung-say-kho-va-dun-nuoc-co-chuc-nang-giu-nhiet-da-chuc-nang-MM01-02-1024x1024-1-200x200.png 200w, https:\/\/genex.com.vn\/wp-content\/uploads\/2024\/02\/May-tiet-trung-say-kho-va-dun-nuoc-co-chuc-nang-giu-nhiet-da-chuc-nang-MM01-02-1024x1024-1.png 1024w\" alt=\"m\u00e1y ti\u1ec7t tr\u00f9ng s\u1ea5y kh\u00f4 v\u00e0 \u0111un n\u01b0\u1edbc gi\u1eef nhi\u1ec7t \u0111a ch\u1ee9c n\u0103ng mm01\" width=\"1019\" height=\"1019\" \/><\/p>\n<h1>2. H\u01b0\u1edbng d\u1eabn s\u1eed d\u1ee5ng<\/h1>\n<p><iframe loading=\"lazy\" title=\"H\u01b0\u1edbng d\u1eabn s\u1eed d\u1ee5ng M\u00e1y ti\u1ec7t tr\u00f9ng s\u1ea5y kh\u00f4 v\u00e0 \u0111un n\u01b0\u1edbc gi\u1eef nhi\u1ec7t \u0111a ch\u1ee9c n\u0103ng MM01 | BEBORN\" src=\"https:\/\/www.youtube.com\/embed\/Lsqg2yluX0A?feature=oembed\" width=\"660\" height=\"371\" frameborder=\"0\" allowfullscreen=\"allowfullscreen\" data-mce-fragment=\"1\"><\/iframe><\/p>\n<h1>3. L\u01b0u \u00fd s\u1eed d\u1ee5ng.<\/h1>\n<ul>\n<li>Ki\u1ec3m tra xem \u0111i\u1ec7n \u00e1p \u0111\u01b0\u1ee3c ch\u1ec9 \u0111\u1ecbnh \u1edf d\u01b0\u1edbi c\u00f9ng c\u1ee7a thi\u1ebft b\u1ecb c\u00f3 t\u01b0\u01a1ng \u1ee9ng v\u1edbi \u0111i\u1ec7n \u00e1p ngu\u1ed3n\u00a0c\u1ee5c b\u1ed9 tr\u01b0\u1edbc khi k\u1ebft n\u1ed1i ngu\u1ed3n kh\u00f4ng.<\/li>\n<li>Kh\u00f4ng s\u1eed d\u1ee5ng thi\u1ebft b\u1ecb, n\u1ebfu ph\u00edch c\u1eafm, d\u00e2y ngu\u1ed3n ho\u1eb7c thi\u1ebft b\u1ecb b\u1ecb h\u1ecfng.<\/li>\n<li>N\u1ebfu d\u00e2y \u0111i\u1ec7n b\u1ecb h\u1ecfng, b\u1ea1n ph\u1ea3i thay th\u1ebf n\u00f3 b\u1eb1ng ph\u1ee5 ki\u1ec7n do BEBORN cung c\u1ea5p.<\/li>\n<li>\u0110\u1ea3m b\u1ea3o tr\u1ebb em kh\u00f4ng ch\u01a1i v\u1edbi s\u1ea3n ph\u1ea9m. Kh\u00f4ng cho ph\u00e9p tr\u1ebb em s\u1eed d\u1ee5ng s\u1ea3n ph\u1ea9m n\u00e0y m\u00e0 kh\u00f4ng c\u00f3 s\u1ef1 gi\u00e1m s\u00e1t c\u1ee7a ng\u01b0\u1eddi l\u1edbn.<\/li>\n<li>C\u1ea7n th\u1eadn khi l\u00e0m \u0111\u1ea7y ho\u1eb7c l\u00e0m s\u1ea1ch. Kh\u00f4ng bao gi\u1edd nh\u00fang m\u00e1y v\u00e0o n\u01b0\u1edbc, n\u1ebfu kh\u00f4ng n\u00f3 c\u00f3 th\u1ec3 g\u00e2y \u0111o\u1ea3n m\u1ea1ch b\u00ean trong m\u00e1y ho\u1eb7c c\u00e1c v\u1ea5n \u0111\u1ec1 kh\u00e1c.<\/li>\n<\/ul>\n<h1>4. Th\u00f4ng s\u1ed1 k\u0129 thu\u1eadt.<\/h1>\n<ul>\n<li>\u0110i\u1ec7n \u00e1p: AC 220-240V, 50\/60Hz.<\/li>\n<li>C\u00f4ng su\u1ea5t: H\u00e2m n\u01b0\u1edbc: 800W, Ti\u1ec7t tr\u00f9ng: 450W, S\u1ea5y kh\u00f4: 170W.<\/li>\n<li>Dung t\u00edch b\u00ecnh \u0111un: 1,2 L, dung t\u00edch n\u1ed3i s\u1eed: 800 ml.<\/li>\n<li>Kh\u1ed1i l\u01b0\u1ee3ng: 3,5 kg<\/li>\n<li>K\u00edch th\u01b0\u1edbc (DxRxC): 24,5 x 37,0 x 43,5 (cm).<\/li>\n<\/ul>","protected":false},"excerpt":{"rendered":"<table class=\"product-specs\">\n<tbody>\n<tr>\n<td><strong>S\u1ea3n xu\u1ea5t t\u1ea1i<\/strong><\/td>\n<td>Trung Qu\u1ed1c<\/td>\n<\/tr>\n<tr>\n<td><strong>M\u00e0u s\u1eafc<\/strong><\/td>\n<td>Tr\u1eafng<\/td>\n<\/tr>\n<tr>\n<td><strong>B\u1ea3o h\u00e0nh<\/strong><\/td>\n<td>12 th\u00e1ng<\/td>\n<\/tr>\n<tr>\n<td><strong>Th\u01b0\u01a1ng hi\u1ec7u<\/strong><\/td>\n<td>Beborn<\/td>\n<\/tr>\n<\/tbody>\n<\/table>","protected":false},"featured_media":1814,"template":"","meta":[],"product_brand":[],"product_cat":[26],"product_tag":[],"class_list":{"0":"post-1813","1":"product","2":"type-product","3":"status-publish","4":"has-post-thumbnail","6":"product_cat-cong-cu-ho-tro","8":"first","9":"instock","10":"shipping-taxable","11":"purchasable","12":"product-type-simple"},"yoast_head":"<!-- This site is optimized with the Yoast SEO plugin v26.7 - https:\/\/yoast.com\/wordpress\/plugins\/seo\/ -->\n<title>M\u00e1y ti\u1ec7t tr\u00f9ng s\u1ea5y kh\u00f4 v\u00e0 \u0111un n\u01b0\u1edbc gi\u1eef nhi\u1ec7t \u0111a ch\u1ee9c n\u0103ng MM01 - T\u0102NG \u0110\u1ed8NG &amp; T\u1ef0 K\u1ef6 V\u1eaaN VUI<\/title>\n<meta name=\"robots\" content=\"index, follow, max-snippet:-1, max-image-preview:large, max-video-preview:-1\" \/>\n<link rel=\"canonical\" href=\"https:\/\/tangdongvatukyvanvui.vn\/en\/product\/may-tiet-trung-say-kho-va-dun-nuoc-giu-nhiet-da-chuc-nang-mm01\/\" \/>\n<meta property=\"og:locale\" content=\"en_US\" \/>\n<meta property=\"og:type\" content=\"article\" \/>\n<meta property=\"og:title\" content=\"M\u00e1y ti\u1ec7t tr\u00f9ng s\u1ea5y kh\u00f4 v\u00e0 \u0111un n\u01b0\u1edbc gi\u1eef nhi\u1ec7t \u0111a ch\u1ee9c n\u0103ng MM01 - T\u0102NG \u0110\u1ed8NG &amp; T\u1ef0 K\u1ef6 V\u1eaaN VUI\" \/>\n<meta property=\"og:description\" content=\"S\u1ea3n xu\u1ea5t t\u1ea1i Trung Qu\u1ed1c   M\u00e0u s\u1eafc Tr\u1eafng   B\u1ea3o h\u00e0nh 12 th\u00e1ng   Th\u01b0\u01a1ng hi\u1ec7u Beborn\" \/>\n<meta property=\"og:url\" content=\"https:\/\/tangdongvatukyvanvui.vn\/en\/product\/may-tiet-trung-say-kho-va-dun-nuoc-giu-nhiet-da-chuc-nang-mm01\/\" \/>\n<meta property=\"og:site_name\" content=\"T\u0102NG \u0110\u1ed8NG &amp; T\u1ef0 K\u1ef6 V\u1eaaN VUI\" \/>\n<meta property=\"og:image\" content=\"https:\/\/tangdongvatukyvanvui.vn\/wp-content\/uploads\/2026\/01\/Untitled-2-jpg-768x768-1.jpg\" \/>\n\t<meta property=\"og:image:width\" content=\"768\" \/>\n\t<meta property=\"og:image:height\" content=\"768\" \/>\n\t<meta property=\"og:image:type\" content=\"image\/jpeg\" \/>\n<meta name=\"twitter:card\" content=\"summary_large_image\" \/>\n<meta name=\"twitter:label1\" content=\"Est. reading time\" \/>\n\t<meta name=\"twitter:data1\" content=\"3 minutes\" \/>\n<script type=\"application\/ld+json\" class=\"yoast-schema-graph\">{\"@context\":\"https:\/\/schema.org\",\"@graph\":[{\"@type\":\"WebPage\",\"@id\":\"https:\/\/tangdongvatukyvanvui.vn\/san-pham\/may-tiet-trung-say-kho-va-dun-nuoc-giu-nhiet-da-chuc-nang-mm01\",\"url\":\"https:\/\/tangdongvatukyvanvui.vn\/san-pham\/may-tiet-trung-say-kho-va-dun-nuoc-giu-nhiet-da-chuc-nang-mm01\",\"name\":\"M\u00e1y ti\u1ec7t tr\u00f9ng s\u1ea5y kh\u00f4 v\u00e0 \u0111un n\u01b0\u1edbc gi\u1eef nhi\u1ec7t \u0111a ch\u1ee9c n\u0103ng MM01 - T\u0102NG \u0110\u1ed8NG &amp; T\u1ef0 K\u1ef6 V\u1eaaN VUI\",\"isPartOf\":{\"@id\":\"https:\/\/tangdongvatukyvanvui.vn\/#website\"},\"primaryImageOfPage\":{\"@id\":\"https:\/\/tangdongvatukyvanvui.vn\/san-pham\/may-tiet-trung-say-kho-va-dun-nuoc-giu-nhiet-da-chuc-nang-mm01#primaryimage\"},\"image\":{\"@id\":\"https:\/\/tangdongvatukyvanvui.vn\/san-pham\/may-tiet-trung-say-kho-va-dun-nuoc-giu-nhiet-da-chuc-nang-mm01#primaryimage\"},\"thumbnailUrl\":\"https:\/\/tangdongvatukyvanvui.vn\/wp-content\/uploads\/2026\/01\/Untitled-2-jpg-768x768-1.jpg\",\"datePublished\":\"2026-01-29T14:50:43+00:00\",\"breadcrumb\":{\"@id\":\"https:\/\/tangdongvatukyvanvui.vn\/san-pham\/may-tiet-trung-say-kho-va-dun-nuoc-giu-nhiet-da-chuc-nang-mm01#breadcrumb\"},\"inLanguage\":\"en-US\",\"potentialAction\":[{\"@type\":\"ReadAction\",\"target\":[\"https:\/\/tangdongvatukyvanvui.vn\/san-pham\/may-tiet-trung-say-kho-va-dun-nuoc-giu-nhiet-da-chuc-nang-mm01\"]}]},{\"@type\":\"ImageObject\",\"inLanguage\":\"en-US\",\"@id\":\"https:\/\/tangdongvatukyvanvui.vn\/san-pham\/may-tiet-trung-say-kho-va-dun-nuoc-giu-nhiet-da-chuc-nang-mm01#primaryimage\",\"url\":\"https:\/\/tangdongvatukyvanvui.vn\/wp-content\/uploads\/2026\/01\/Untitled-2-jpg-768x768-1.jpg\",\"contentUrl\":\"https:\/\/tangdongvatukyvanvui.vn\/wp-content\/uploads\/2026\/01\/Untitled-2-jpg-768x768-1.jpg\",\"width\":768,\"height\":768},{\"@type\":\"BreadcrumbList\",\"@id\":\"https:\/\/tangdongvatukyvanvui.vn\/san-pham\/may-tiet-trung-say-kho-va-dun-nuoc-giu-nhiet-da-chuc-nang-mm01#breadcrumb\",\"itemListElement\":[{\"@type\":\"ListItem\",\"position\":1,\"name\":\"Trang ch\u1ee7\",\"item\":\"https:\/\/tangdongvatukyvanvui.vn\/\"},{\"@type\":\"ListItem\",\"position\":2,\"name\":\"C\u1eeda h\u00e0ng\",\"item\":\"https:\/\/tangdongvatukyvanvui.vn\/cua-hang\"},{\"@type\":\"ListItem\",\"position\":3,\"name\":\"M\u00e1y ti\u1ec7t tr\u00f9ng s\u1ea5y kh\u00f4 v\u00e0 \u0111un n\u01b0\u1edbc gi\u1eef nhi\u1ec7t \u0111a ch\u1ee9c n\u0103ng MM01\"}]},{\"@type\":\"WebSite\",\"@id\":\"https:\/\/tangdongvatukyvanvui.vn\/#website\",\"url\":\"https:\/\/tangdongvatukyvanvui.vn\/\",\"name\":\"T\u0102NG \u0110\u1ed8NG &amp; T\u1ef0 K\u1ef6 V\u1eaaN VUI\",\"description\":\"\",\"potentialAction\":[{\"@type\":\"SearchAction\",\"target\":{\"@type\":\"EntryPoint\",\"urlTemplate\":\"https:\/\/tangdongvatukyvanvui.vn\/?s={search_term_string}\"},\"query-input\":{\"@type\":\"PropertyValueSpecification\",\"valueRequired\":true,\"valueName\":\"search_term_string\"}}],\"inLanguage\":\"en-US\"}]}<\/script>\n<!-- \/ Yoast SEO plugin. -->","yoast_head_json":{"title":"M\u00e1y ti\u1ec7t tr\u00f9ng s\u1ea5y kh\u00f4 v\u00e0 \u0111un n\u01b0\u1edbc gi\u1eef nhi\u1ec7t \u0111a ch\u1ee9c n\u0103ng MM01 - T\u0102NG \u0110\u1ed8NG &amp; T\u1ef0 K\u1ef6 V\u1eaaN VUI","robots":{"index":"index","follow":"follow","max-snippet":"max-snippet:-1","max-image-preview":"max-image-preview:large","max-video-preview":"max-video-preview:-1"},"canonical":"https:\/\/tangdongvatukyvanvui.vn\/en\/product\/may-tiet-trung-say-kho-va-dun-nuoc-giu-nhiet-da-chuc-nang-mm01\/","og_locale":"en_US","og_type":"article","og_title":"M\u00e1y ti\u1ec7t tr\u00f9ng s\u1ea5y kh\u00f4 v\u00e0 \u0111un n\u01b0\u1edbc gi\u1eef nhi\u1ec7t \u0111a ch\u1ee9c n\u0103ng MM01 - T\u0102NG \u0110\u1ed8NG &amp; T\u1ef0 K\u1ef6 V\u1eaaN VUI","og_description":"S\u1ea3n xu\u1ea5t t\u1ea1i Trung Qu\u1ed1c   M\u00e0u s\u1eafc Tr\u1eafng   B\u1ea3o h\u00e0nh 12 th\u00e1ng   Th\u01b0\u01a1ng hi\u1ec7u Beborn","og_url":"https:\/\/tangdongvatukyvanvui.vn\/en\/product\/may-tiet-trung-say-kho-va-dun-nuoc-giu-nhiet-da-chuc-nang-mm01\/","og_site_name":"T\u0102NG \u0110\u1ed8NG &amp; T\u1ef0 K\u1ef6 V\u1eaaN VUI","og_image":[{"width":768,"height":768,"url":"https:\/\/tangdongvatukyvanvui.vn\/wp-content\/uploads\/2026\/01\/Untitled-2-jpg-768x768-1.jpg","type":"image\/jpeg"}],"twitter_card":"summary_large_image","twitter_misc":{"Est. reading time":"3 minutes"},"schema":{"@context":"https:\/\/schema.org","@graph":[{"@type":"WebPage","@id":"https:\/\/tangdongvatukyvanvui.vn\/san-pham\/may-tiet-trung-say-kho-va-dun-nuoc-giu-nhiet-da-chuc-nang-mm01","url":"https:\/\/tangdongvatukyvanvui.vn\/san-pham\/may-tiet-trung-say-kho-va-dun-nuoc-giu-nhiet-da-chuc-nang-mm01","name":"M\u00e1y ti\u1ec7t tr\u00f9ng s\u1ea5y kh\u00f4 v\u00e0 \u0111un n\u01b0\u1edbc gi\u1eef nhi\u1ec7t \u0111a ch\u1ee9c n\u0103ng MM01 - T\u0102NG \u0110\u1ed8NG &amp; T\u1ef0 K\u1ef6 V\u1eaaN VUI","isPartOf":{"@id":"https:\/\/tangdongvatukyvanvui.vn\/#website"},"primaryImageOfPage":{"@id":"https:\/\/tangdongvatukyvanvui.vn\/san-pham\/may-tiet-trung-say-kho-va-dun-nuoc-giu-nhiet-da-chuc-nang-mm01#primaryimage"},"image":{"@id":"https:\/\/tangdongvatukyvanvui.vn\/san-pham\/may-tiet-trung-say-kho-va-dun-nuoc-giu-nhiet-da-chuc-nang-mm01#primaryimage"},"thumbnailUrl":"https:\/\/tangdongvatukyvanvui.vn\/wp-content\/uploads\/2026\/01\/Untitled-2-jpg-768x768-1.jpg","datePublished":"2026-01-29T14:50:43+00:00","breadcrumb":{"@id":"https:\/\/tangdongvatukyvanvui.vn\/san-pham\/may-tiet-trung-say-kho-va-dun-nuoc-giu-nhiet-da-chuc-nang-mm01#breadcrumb"},"inLanguage":"en-US","potentialAction":[{"@type":"ReadAction","target":["https:\/\/tangdongvatukyvanvui.vn\/san-pham\/may-tiet-trung-say-kho-va-dun-nuoc-giu-nhiet-da-chuc-nang-mm01"]}]},{"@type":"ImageObject","inLanguage":"en-US","@id":"https:\/\/tangdongvatukyvanvui.vn\/san-pham\/may-tiet-trung-say-kho-va-dun-nuoc-giu-nhiet-da-chuc-nang-mm01#primaryimage","url":"https:\/\/tangdongvatukyvanvui.vn\/wp-content\/uploads\/2026\/01\/Untitled-2-jpg-768x768-1.jpg","contentUrl":"https:\/\/tangdongvatukyvanvui.vn\/wp-content\/uploads\/2026\/01\/Untitled-2-jpg-768x768-1.jpg","width":768,"height":768},{"@type":"BreadcrumbList","@id":"https:\/\/tangdongvatukyvanvui.vn\/san-pham\/may-tiet-trung-say-kho-va-dun-nuoc-giu-nhiet-da-chuc-nang-mm01#breadcrumb","itemListElement":[{"@type":"ListItem","position":1,"name":"Trang ch\u1ee7","item":"https:\/\/tangdongvatukyvanvui.vn\/"},{"@type":"ListItem","position":2,"name":"C\u1eeda h\u00e0ng","item":"https:\/\/tangdongvatukyvanvui.vn\/cua-hang"},{"@type":"ListItem","position":3,"name":"M\u00e1y ti\u1ec7t tr\u00f9ng s\u1ea5y kh\u00f4 v\u00e0 \u0111un n\u01b0\u1edbc gi\u1eef nhi\u1ec7t \u0111a ch\u1ee9c n\u0103ng MM01"}]},{"@type":"WebSite","@id":"https:\/\/tangdongvatukyvanvui.vn\/#website","url":"https:\/\/tangdongvatukyvanvui.vn\/","name":"T\u0102NG \u0110\u1ed8NG &amp; T\u1ef0 K\u1ef6 V\u1eaaN VUI","description":"","potentialAction":[{"@type":"SearchAction","target":{"@type":"EntryPoint","urlTemplate":"https:\/\/tangdongvatukyvanvui.vn\/?s={search_term_string}"},"query-input":{"@type":"PropertyValueSpecification","valueRequired":true,"valueName":"search_term_string"}}],"inLanguage":"en-US"}]}},"_links":{"self":[{"href":"https:\/\/tangdongvatukyvanvui.vn\/en\/wp-json\/wp\/v2\/product\/1813","targetHints":{"allow":["GET"]}}],"collection":[{"href":"https:\/\/tangdongvatukyvanvui.vn\/en\/wp-json\/wp\/v2\/product"}],"about":[{"href":"https:\/\/tangdongvatukyvanvui.vn\/en\/wp-json\/wp\/v2\/types\/product"}],"wp:featuredmedia":[{"embeddable":true,"href":"https:\/\/tangdongvatukyvanvui.vn\/en\/wp-json\/wp\/v2\/media\/1814"}],"wp:attachment":[{"href":"https:\/\/tangdongvatukyvanvui.vn\/en\/wp-json\/wp\/v2\/media?parent=1813"}],"wp:term":[{"taxonomy":"product_brand","embeddable":true,"href":"https:\/\/tangdongvatukyvanvui.vn\/en\/wp-json\/wp\/v2\/product_brand?post=1813"},{"taxonomy":"product_cat","embeddable":true,"href":"https:\/\/tangdongvatukyvanvui.vn\/en\/wp-json\/wp\/v2\/product_cat?post=1813"},{"taxonomy":"product_tag","embeddable":true,"href":"https:\/\/tangdongvatukyvanvui.vn\/en\/wp-json\/wp\/v2\/product_tag?post=1813"}],"curies":[{"name":"wp","href":"https:\/\/api.w.org\/{rel}","templated":true}]}}