{"id":1765,"date":"2026-01-29T04:45:00","date_gmt":"2026-01-29T04:45:00","guid":{"rendered":"https:\/\/dulichdaklak.site\/?post_type=product&#038;p=1765"},"modified":"2026-01-29T15:27:29","modified_gmt":"2026-01-29T15:27:29","slug":"sach-vai-lat-mo-co-nhac-giup-be-phat-trien-giac-quan-va-van-dong-tinh-peekaboo-4","status":"publish","type":"product","link":"https:\/\/tangdongvatukyvanvui.vn\/en\/product\/sach-vai-lat-mo-co-nhac-giup-be-phat-trien-giac-quan-va-van-dong-tinh-peekaboo-4","title":{"rendered":"Peekaboo cloth book with music helps babies develop their senses and fine motor skills."},"content":{"rendered":"<p>&#8211; C\u1ea3m \u01a1n Ba m\u1eb9 \u0111\u00e3 tin t\u01b0\u1edfng v\u00e0 l\u1ef1a ch\u1ecdn s\u1ea3n ph\u1ea9m c\u1ee7a Lalala Baby \u0111\u1ed3ng h\u00e0nh c\u00f9ng b\u00e9 trong nh\u1eefng ch\u1eb7ng \u0111\u01b0\u1eddng \u0111\u1ea7u ti\u00ean<br \/>\n&#8211; Lalala Baby s\u1ebd lu\u00f4n c\u1ed1 g\u1eafng \u0111\u1ec3 mang l\u1ea1i nh\u1eefng s\u1ea3n ph\u1ea9m t\u1ed1t nh\u1ea5t cho b\u00e9<br \/>\n\u2022 S\u00e1ch do ch\u00ednh \u0111\u1ed9i ng\u0169 R&amp;D t\u1ef1 thi\u1ebft k\u1ebf v\u00e0 s\u1ea3n xu\u1ea5t \u0111\u1eb7c bi\u1ec7t \u01b0u vi\u1ec7t d\u1ef1a tr\u00ean nh\u1eefng nghi\u00ean c\u1ee9u v\u1ec1 n\u00e3o b\u1ed9 v\u00e0 h\u00e0nh vi c\u1ee7a tr\u1ebb nh\u1ecf<br \/>\n\u2022 Ch\u1ea5t li\u1ec7u v\u1ea3i an to\u00e0n, s\u1ea3n xu\u1ea5t theo ti\u00eau chu\u1ea9n QCVN 3:2009\/BKHCN an to\u00e0n cho tr\u1ebb<br \/>\n\u2022 Ti\u1ebft ki\u1ec7m chi ph\u00ed l\u1eabn th\u1eddi gian cho m\u1eb9, gi\u1eb7t l\u1ea1i d\u00f9ng, d\u00f9ng l\u1ea1i gi\u1eb7t, b\u00e9 th\u00edch th\u00fa ch\u01a1i vui m\u1ed9t m\u00ecnh cho m\u1eb9 l\u00e0m vi\u1ec7c<\/p>\n<p>&#8211; H\u00ecnh \u1ea3nh, m\u00e0u s\u1eafc, \u00e2m thanh sinh \u0111\u1ed9ng gi\u00fap b\u00e9 k\u00edch th\u00edch th\u1ecb gi\u00e1c, x\u00fac gi\u00e1c, th\u00ednh gi\u00e1c c\u1ee7a b\u00e9.<br \/>\n&#8211; B\u00e9 ho\u00e0n to\u00e0n c\u00f3 th\u1ec3 ti\u1ebfp c\u1eadn th\u1ebf gi\u1edbi xung quanh thu nh\u1ecf m\u1ed9t c\u00e1ch d\u1ec5 d\u00e0ng v\u1edbi s\u1ef1 th\u00edch th\u00fa.<br \/>\n&#8211; Gi\u00fap b\u00e9 ph\u00e1t tri\u1ec3n k\u1ef9 n\u0103ng v\u1eadn \u0111\u1ed9ng tinh c\u01a1 b\u1ea3n trong giai \u0111o\u1ea1n \u0111\u1ea7u ti\u00ean quan tr\u1ecdng c\u1ee7a tr\u1ebb.<br \/>\n&#8211; Ph\u00e1t tri\u1ec3n tr\u00ed n\u00e3o, t\u1eadp cho b\u00e9 nhi\u1ec1u ki\u1ebfn th\u1ee9c k\u0129 n\u0103ng l\u00fac m\u00e0 giai \u0111o\u1ea1n n\u00e0y n\u00e3o b\u1ed9 ph\u00e1t tri\u1ec3n m\u1ea1nh.<br \/>\n&#8211; S\u00e1ch v\u1ea3i m\u1ec1m, b\u00e9 tho\u1ea3i m\u00e1i n\u00e9m, x\u00e9, kh\u00f4ng g\u00e2y x\u01b0\u1edbc x\u00e1t da nh\u01b0 s\u00e1ch gi\u1ea5y.<br \/>\nS\u00e1ch v\u1ea3i cho b\u00e9 \u0111\u1ed3 ch\u01a1i cho tr\u1ebb s\u01a1 sinh \u0111a t\u01b0\u01a1ng t\u00e1c s\u1ed9t so\u1ea1t ch\u00fat ch\u00edt, ch\u1ee7 \u0111\u1ec1 n\u00f4ng tr\u1ea1i th\u00fa v\u1ecb<\/p>\n<p style=\"text-align: center;\"><img loading=\"lazy\" decoding=\"async\" class=\"alignnone size-full wp-image-1758\" src=\"https:\/\/dulichdaklak.site\/wp-content\/uploads\/2026\/01\/image-8.jpg\" alt=\"\" width=\"900\" height=\"900\" srcset=\"https:\/\/tangdongvatukyvanvui.vn\/wp-content\/uploads\/2026\/01\/image-8.jpg 900w, https:\/\/tangdongvatukyvanvui.vn\/wp-content\/uploads\/2026\/01\/image-8-300x300.jpg 300w, https:\/\/tangdongvatukyvanvui.vn\/wp-content\/uploads\/2026\/01\/image-8-150x150.jpg 150w, https:\/\/tangdongvatukyvanvui.vn\/wp-content\/uploads\/2026\/01\/image-8-768x768.jpg 768w, https:\/\/tangdongvatukyvanvui.vn\/wp-content\/uploads\/2026\/01\/image-8-600x600.jpg 600w, https:\/\/tangdongvatukyvanvui.vn\/wp-content\/uploads\/2026\/01\/image-8-100x100.jpg 100w\" sizes=\"auto, (max-width: 900px) 100vw, 900px\" \/><\/p>\n<p style=\"text-align: center;\">","protected":false},"excerpt":{"rendered":"<table class=\"product-table\">\n<tbody>\n<tr>\n<td class=\"label\">Th\u01b0\u01a1ng hi\u1ec7u<\/td>\n<td>Lalala Baby<\/td>\n<\/tr>\n<tr>\n<td class=\"label\">Xu\u1ea5t x\u1ee9<\/td>\n<td>Vi\u1ec7t Nam<\/td>\n<\/tr>\n<tr>\n<td class=\"label\">Ng\u00f4n ng\u1eef<\/td>\n<td>Ti\u1ebfng Anh<\/td>\n<\/tr>\n<tr>\n<td class=\"label\">Nh\u00e0 ph\u00e1t h\u00e0nh<\/td>\n<td>C\u00f4ng ty TNHH nh\u00e0 c\u1ee7a M\u00f4 M\u00f4<\/td>\n<\/tr>\n<tr>\n<td class=\"label\">N\u0103m xu\u1ea5t b\u1ea3n<\/td>\n<td>2021<\/td>\n<\/tr>\n<tr>\n<td class=\"label\">Ch\u1ea5t li\u1ec7u<\/td>\n<td>V\u1ea3i m\u1ec1m<\/td>\n<\/tr>\n<\/tbody>\n<\/table>","protected":false},"featured_media":1758,"template":"","meta":[],"product_brand":[],"product_cat":[27],"product_tag":[],"class_list":{"0":"post-1765","1":"product","2":"type-product","3":"status-publish","4":"has-post-thumbnail","6":"product_cat-do-choi-giao-duc","8":"first","9":"instock","10":"shipping-taxable","11":"purchasable","12":"product-type-simple"},"yoast_head":"<!-- This site is optimized with the Yoast SEO plugin v26.7 - https:\/\/yoast.com\/wordpress\/plugins\/seo\/ -->\n<title>S\u00e1ch v\u1ea3i l\u1eadt m\u1edf c\u00f3 nh\u1ea1c gi\u00fap b\u00e9 ph\u00e1t tri\u1ec3n gi\u00e1c quan v\u00e0 v\u1eadn \u0111\u1ed9ng tinh peekaboo - T\u0102NG \u0110\u1ed8NG &amp; T\u1ef0 K\u1ef6 V\u1eaaN VUI<\/title>\n<meta name=\"robots\" content=\"index, follow, max-snippet:-1, max-image-preview:large, max-video-preview:-1\" \/>\n<link rel=\"canonical\" href=\"https:\/\/tangdongvatukyvanvui.vn\/en\/product\/sach-vai-lat-mo-co-nhac-giup-be-phat-trien-giac-quan-va-van-dong-tinh-peekaboo-4\/\" \/>\n<meta property=\"og:locale\" content=\"en_US\" \/>\n<meta property=\"og:type\" content=\"article\" \/>\n<meta property=\"og:title\" content=\"S\u00e1ch v\u1ea3i l\u1eadt m\u1edf c\u00f3 nh\u1ea1c gi\u00fap b\u00e9 ph\u00e1t tri\u1ec3n gi\u00e1c quan v\u00e0 v\u1eadn \u0111\u1ed9ng tinh peekaboo - T\u0102NG \u0110\u1ed8NG &amp; T\u1ef0 K\u1ef6 V\u1eaaN VUI\" \/>\n<meta property=\"og:description\" content=\"Th\u01b0\u01a1ng hi\u1ec7u Lalala Baby   Xu\u1ea5t x\u1ee9 Vi\u1ec7t Nam   Ng\u00f4n ng\u1eef Ti\u1ebfng Anh   Nh\u00e0 ph\u00e1t h\u00e0nh C\u00f4ng ty TNHH nh\u00e0 c\u1ee7a M\u00f4 M\u00f4   N\u0103m xu\u1ea5t b\u1ea3n 2021   Ch\u1ea5t li\u1ec7u V\u1ea3i m\u1ec1m\" \/>\n<meta property=\"og:url\" content=\"https:\/\/tangdongvatukyvanvui.vn\/en\/product\/sach-vai-lat-mo-co-nhac-giup-be-phat-trien-giac-quan-va-van-dong-tinh-peekaboo-4\/\" \/>\n<meta property=\"og:site_name\" content=\"T\u0102NG \u0110\u1ed8NG &amp; T\u1ef0 K\u1ef6 V\u1eaaN VUI\" \/>\n<meta property=\"article:modified_time\" content=\"2026-01-29T15:27:29+00:00\" \/>\n<meta property=\"og:image\" content=\"https:\/\/tangdongvatukyvanvui.vn\/wp-content\/uploads\/2026\/01\/image-8.jpg\" \/>\n\t<meta property=\"og:image:width\" content=\"900\" \/>\n\t<meta property=\"og:image:height\" content=\"900\" \/>\n\t<meta property=\"og:image:type\" content=\"image\/jpeg\" \/>\n<meta name=\"twitter:card\" content=\"summary_large_image\" \/>\n<meta name=\"twitter:label1\" content=\"Est. reading time\" \/>\n\t<meta name=\"twitter:data1\" content=\"2 minutes\" \/>\n<script type=\"application\/ld+json\" class=\"yoast-schema-graph\">{\"@context\":\"https:\/\/schema.org\",\"@graph\":[{\"@type\":\"WebPage\",\"@id\":\"https:\/\/tangdongvatukyvanvui.vn\/san-pham\/sach-vai-lat-mo-co-nhac-giup-be-phat-trien-giac-quan-va-van-dong-tinh-peekaboo-4\",\"url\":\"https:\/\/tangdongvatukyvanvui.vn\/san-pham\/sach-vai-lat-mo-co-nhac-giup-be-phat-trien-giac-quan-va-van-dong-tinh-peekaboo-4\",\"name\":\"S\u00e1ch v\u1ea3i l\u1eadt m\u1edf c\u00f3 nh\u1ea1c gi\u00fap b\u00e9 ph\u00e1t tri\u1ec3n gi\u00e1c quan v\u00e0 v\u1eadn \u0111\u1ed9ng tinh peekaboo - T\u0102NG \u0110\u1ed8NG &amp; T\u1ef0 K\u1ef6 V\u1eaaN VUI\",\"isPartOf\":{\"@id\":\"https:\/\/tangdongvatukyvanvui.vn\/#website\"},\"primaryImageOfPage\":{\"@id\":\"https:\/\/tangdongvatukyvanvui.vn\/san-pham\/sach-vai-lat-mo-co-nhac-giup-be-phat-trien-giac-quan-va-van-dong-tinh-peekaboo-4#primaryimage\"},\"image\":{\"@id\":\"https:\/\/tangdongvatukyvanvui.vn\/san-pham\/sach-vai-lat-mo-co-nhac-giup-be-phat-trien-giac-quan-va-van-dong-tinh-peekaboo-4#primaryimage\"},\"thumbnailUrl\":\"https:\/\/tangdongvatukyvanvui.vn\/wp-content\/uploads\/2026\/01\/image-8.jpg\",\"datePublished\":\"2026-01-29T04:45:00+00:00\",\"dateModified\":\"2026-01-29T15:27:29+00:00\",\"breadcrumb\":{\"@id\":\"https:\/\/tangdongvatukyvanvui.vn\/san-pham\/sach-vai-lat-mo-co-nhac-giup-be-phat-trien-giac-quan-va-van-dong-tinh-peekaboo-4#breadcrumb\"},\"inLanguage\":\"en-US\",\"potentialAction\":[{\"@type\":\"ReadAction\",\"target\":[\"https:\/\/tangdongvatukyvanvui.vn\/san-pham\/sach-vai-lat-mo-co-nhac-giup-be-phat-trien-giac-quan-va-van-dong-tinh-peekaboo-4\"]}]},{\"@type\":\"ImageObject\",\"inLanguage\":\"en-US\",\"@id\":\"https:\/\/tangdongvatukyvanvui.vn\/san-pham\/sach-vai-lat-mo-co-nhac-giup-be-phat-trien-giac-quan-va-van-dong-tinh-peekaboo-4#primaryimage\",\"url\":\"https:\/\/tangdongvatukyvanvui.vn\/wp-content\/uploads\/2026\/01\/image-8.jpg\",\"contentUrl\":\"https:\/\/tangdongvatukyvanvui.vn\/wp-content\/uploads\/2026\/01\/image-8.jpg\",\"width\":900,\"height\":900},{\"@type\":\"BreadcrumbList\",\"@id\":\"https:\/\/tangdongvatukyvanvui.vn\/san-pham\/sach-vai-lat-mo-co-nhac-giup-be-phat-trien-giac-quan-va-van-dong-tinh-peekaboo-4#breadcrumb\",\"itemListElement\":[{\"@type\":\"ListItem\",\"position\":1,\"name\":\"Trang ch\u1ee7\",\"item\":\"https:\/\/tangdongvatukyvanvui.vn\/\"},{\"@type\":\"ListItem\",\"position\":2,\"name\":\"C\u1eeda h\u00e0ng\",\"item\":\"https:\/\/tangdongvatukyvanvui.vn\/cua-hang\"},{\"@type\":\"ListItem\",\"position\":3,\"name\":\"S\u00e1ch v\u1ea3i l\u1eadt m\u1edf c\u00f3 nh\u1ea1c gi\u00fap b\u00e9 ph\u00e1t tri\u1ec3n gi\u00e1c quan v\u00e0 v\u1eadn \u0111\u1ed9ng tinh peekaboo\"}]},{\"@type\":\"WebSite\",\"@id\":\"https:\/\/tangdongvatukyvanvui.vn\/#website\",\"url\":\"https:\/\/tangdongvatukyvanvui.vn\/\",\"name\":\"T\u0102NG \u0110\u1ed8NG &amp; T\u1ef0 K\u1ef6 V\u1eaaN VUI\",\"description\":\"\",\"potentialAction\":[{\"@type\":\"SearchAction\",\"target\":{\"@type\":\"EntryPoint\",\"urlTemplate\":\"https:\/\/tangdongvatukyvanvui.vn\/?s={search_term_string}\"},\"query-input\":{\"@type\":\"PropertyValueSpecification\",\"valueRequired\":true,\"valueName\":\"search_term_string\"}}],\"inLanguage\":\"en-US\"}]}<\/script>\n<!-- \/ Yoast SEO plugin. -->","yoast_head_json":{"title":"S\u00e1ch v\u1ea3i l\u1eadt m\u1edf c\u00f3 nh\u1ea1c gi\u00fap b\u00e9 ph\u00e1t tri\u1ec3n gi\u00e1c quan v\u00e0 v\u1eadn \u0111\u1ed9ng tinh peekaboo - T\u0102NG \u0110\u1ed8NG &amp; T\u1ef0 K\u1ef6 V\u1eaaN VUI","robots":{"index":"index","follow":"follow","max-snippet":"max-snippet:-1","max-image-preview":"max-image-preview:large","max-video-preview":"max-video-preview:-1"},"canonical":"https:\/\/tangdongvatukyvanvui.vn\/en\/product\/sach-vai-lat-mo-co-nhac-giup-be-phat-trien-giac-quan-va-van-dong-tinh-peekaboo-4\/","og_locale":"en_US","og_type":"article","og_title":"S\u00e1ch v\u1ea3i l\u1eadt m\u1edf c\u00f3 nh\u1ea1c gi\u00fap b\u00e9 ph\u00e1t tri\u1ec3n gi\u00e1c quan v\u00e0 v\u1eadn \u0111\u1ed9ng tinh peekaboo - T\u0102NG \u0110\u1ed8NG &amp; T\u1ef0 K\u1ef6 V\u1eaaN VUI","og_description":"Th\u01b0\u01a1ng hi\u1ec7u Lalala Baby   Xu\u1ea5t x\u1ee9 Vi\u1ec7t Nam   Ng\u00f4n ng\u1eef Ti\u1ebfng Anh   Nh\u00e0 ph\u00e1t h\u00e0nh C\u00f4ng ty TNHH nh\u00e0 c\u1ee7a M\u00f4 M\u00f4   N\u0103m xu\u1ea5t b\u1ea3n 2021   Ch\u1ea5t li\u1ec7u V\u1ea3i m\u1ec1m","og_url":"https:\/\/tangdongvatukyvanvui.vn\/en\/product\/sach-vai-lat-mo-co-nhac-giup-be-phat-trien-giac-quan-va-van-dong-tinh-peekaboo-4\/","og_site_name":"T\u0102NG \u0110\u1ed8NG &amp; T\u1ef0 K\u1ef6 V\u1eaaN VUI","article_modified_time":"2026-01-29T15:27:29+00:00","og_image":[{"width":900,"height":900,"url":"https:\/\/tangdongvatukyvanvui.vn\/wp-content\/uploads\/2026\/01\/image-8.jpg","type":"image\/jpeg"}],"twitter_card":"summary_large_image","twitter_misc":{"Est. reading time":"2 minutes"},"schema":{"@context":"https:\/\/schema.org","@graph":[{"@type":"WebPage","@id":"https:\/\/tangdongvatukyvanvui.vn\/san-pham\/sach-vai-lat-mo-co-nhac-giup-be-phat-trien-giac-quan-va-van-dong-tinh-peekaboo-4","url":"https:\/\/tangdongvatukyvanvui.vn\/san-pham\/sach-vai-lat-mo-co-nhac-giup-be-phat-trien-giac-quan-va-van-dong-tinh-peekaboo-4","name":"S\u00e1ch v\u1ea3i l\u1eadt m\u1edf c\u00f3 nh\u1ea1c gi\u00fap b\u00e9 ph\u00e1t tri\u1ec3n gi\u00e1c quan v\u00e0 v\u1eadn \u0111\u1ed9ng tinh peekaboo - T\u0102NG \u0110\u1ed8NG &amp; T\u1ef0 K\u1ef6 V\u1eaaN VUI","isPartOf":{"@id":"https:\/\/tangdongvatukyvanvui.vn\/#website"},"primaryImageOfPage":{"@id":"https:\/\/tangdongvatukyvanvui.vn\/san-pham\/sach-vai-lat-mo-co-nhac-giup-be-phat-trien-giac-quan-va-van-dong-tinh-peekaboo-4#primaryimage"},"image":{"@id":"https:\/\/tangdongvatukyvanvui.vn\/san-pham\/sach-vai-lat-mo-co-nhac-giup-be-phat-trien-giac-quan-va-van-dong-tinh-peekaboo-4#primaryimage"},"thumbnailUrl":"https:\/\/tangdongvatukyvanvui.vn\/wp-content\/uploads\/2026\/01\/image-8.jpg","datePublished":"2026-01-29T04:45:00+00:00","dateModified":"2026-01-29T15:27:29+00:00","breadcrumb":{"@id":"https:\/\/tangdongvatukyvanvui.vn\/san-pham\/sach-vai-lat-mo-co-nhac-giup-be-phat-trien-giac-quan-va-van-dong-tinh-peekaboo-4#breadcrumb"},"inLanguage":"en-US","potentialAction":[{"@type":"ReadAction","target":["https:\/\/tangdongvatukyvanvui.vn\/san-pham\/sach-vai-lat-mo-co-nhac-giup-be-phat-trien-giac-quan-va-van-dong-tinh-peekaboo-4"]}]},{"@type":"ImageObject","inLanguage":"en-US","@id":"https:\/\/tangdongvatukyvanvui.vn\/san-pham\/sach-vai-lat-mo-co-nhac-giup-be-phat-trien-giac-quan-va-van-dong-tinh-peekaboo-4#primaryimage","url":"https:\/\/tangdongvatukyvanvui.vn\/wp-content\/uploads\/2026\/01\/image-8.jpg","contentUrl":"https:\/\/tangdongvatukyvanvui.vn\/wp-content\/uploads\/2026\/01\/image-8.jpg","width":900,"height":900},{"@type":"BreadcrumbList","@id":"https:\/\/tangdongvatukyvanvui.vn\/san-pham\/sach-vai-lat-mo-co-nhac-giup-be-phat-trien-giac-quan-va-van-dong-tinh-peekaboo-4#breadcrumb","itemListElement":[{"@type":"ListItem","position":1,"name":"Trang ch\u1ee7","item":"https:\/\/tangdongvatukyvanvui.vn\/"},{"@type":"ListItem","position":2,"name":"C\u1eeda h\u00e0ng","item":"https:\/\/tangdongvatukyvanvui.vn\/cua-hang"},{"@type":"ListItem","position":3,"name":"S\u00e1ch v\u1ea3i l\u1eadt m\u1edf c\u00f3 nh\u1ea1c gi\u00fap b\u00e9 ph\u00e1t tri\u1ec3n gi\u00e1c quan v\u00e0 v\u1eadn \u0111\u1ed9ng tinh peekaboo"}]},{"@type":"WebSite","@id":"https:\/\/tangdongvatukyvanvui.vn\/#website","url":"https:\/\/tangdongvatukyvanvui.vn\/","name":"T\u0102NG \u0110\u1ed8NG &amp; T\u1ef0 K\u1ef6 V\u1eaaN VUI","description":"","potentialAction":[{"@type":"SearchAction","target":{"@type":"EntryPoint","urlTemplate":"https:\/\/tangdongvatukyvanvui.vn\/?s={search_term_string}"},"query-input":{"@type":"PropertyValueSpecification","valueRequired":true,"valueName":"search_term_string"}}],"inLanguage":"en-US"}]}},"_links":{"self":[{"href":"https:\/\/tangdongvatukyvanvui.vn\/en\/wp-json\/wp\/v2\/product\/1765","targetHints":{"allow":["GET"]}}],"collection":[{"href":"https:\/\/tangdongvatukyvanvui.vn\/en\/wp-json\/wp\/v2\/product"}],"about":[{"href":"https:\/\/tangdongvatukyvanvui.vn\/en\/wp-json\/wp\/v2\/types\/product"}],"wp:featuredmedia":[{"embeddable":true,"href":"https:\/\/tangdongvatukyvanvui.vn\/en\/wp-json\/wp\/v2\/media\/1758"}],"wp:attachment":[{"href":"https:\/\/tangdongvatukyvanvui.vn\/en\/wp-json\/wp\/v2\/media?parent=1765"}],"wp:term":[{"taxonomy":"product_brand","embeddable":true,"href":"https:\/\/tangdongvatukyvanvui.vn\/en\/wp-json\/wp\/v2\/product_brand?post=1765"},{"taxonomy":"product_cat","embeddable":true,"href":"https:\/\/tangdongvatukyvanvui.vn\/en\/wp-json\/wp\/v2\/product_cat?post=1765"},{"taxonomy":"product_tag","embeddable":true,"href":"https:\/\/tangdongvatukyvanvui.vn\/en\/wp-json\/wp\/v2\/product_tag?post=1765"}],"curies":[{"name":"wp","href":"https:\/\/api.w.org\/{rel}","templated":true}]}}