{"id":1123,"date":"2026-01-21T05:20:17","date_gmt":"2026-01-21T05:20:17","guid":{"rendered":"https:\/\/dulichdaklak.site\/?post_type=product&#038;p=1123"},"modified":"2026-01-28T08:54:26","modified_gmt":"2026-01-28T08:54:26","slug":"may-up-binh-sua-tiet-trung-say-kho-khu-mui-bao-quan-uvc-cong-nghe-plasma-plastio-1","status":"publish","type":"product","link":"https:\/\/tangdongvatukyvanvui.vn\/en\/product\/may-up-binh-sua-tiet-trung-say-kho-khu-mui-bao-quan-uvc-cong-nghe-plasma-plastio-1","title":{"rendered":"UVC Bottle Sterilizer and Dryer (Sterilize\/Dry\/Deodorize\/Preserve) with PLASMA Technology Plastio 1"},"content":{"rendered":"<ul>\n<li>K\u1ebft h\u1ee3p c\u00f4ng ngh\u1ec7 Plasma Ion, t\u0103ng hi\u1ec7u qu\u1ea3 kh\u1eed tr\u00f9ng, v\u00e0 kh\u1eed m\u00f9i.<\/li>\n<li>Ti\u00eau di\u1ec7t vi khu\u1ea9n b\u1eb1ng UVC LED (**).<\/li>\n<li>Th\u1ec3 t\u00edch l\u1edbn 16L.<\/li>\n<li>Trang b\u1ecb 4 \u0111\u00e8n UVC-LED gi\u00fap t\u0103ng hi\u1ec7u qu\u1ea3 ti\u1ec7t tr\u00f9ng.<\/li>\n<li>Th\u1ef1c hi\u1ec7n 4 ch\u1ebf \u0111\u1ed9 ri\u00eang bi\u1ec7t, c\u00f3 th\u1ec3 thay \u0111\u1ed5i th\u1eddi gian: T\u1ef0 \u0110\u1ed8NG\/ TI\u1ec6T TR\u00d9NG\/ S\u1ea4Y KH\u00d4\/ B\u1ea2O QU\u1ea2N.<\/li>\n<li>Ch\u1ee9c n\u0103ng Plasma Ion \u0111\u01b0\u1ee3c th\u00eam v\u00e0o ch\u1ebf \u0111\u1ed9 B\u1ea3o qu\u1ea3n, to\u00e0n b\u1ed9 th\u1eddi gian c\u1ee7a ch\u1ebf \u0111\u1ed9 S\u1ea5y kh\u00f4 \u0111\u1ec3 kh\u1eed m\u00f9i, c\u00f9ng v\u1edbi ch\u1ebf \u0111\u1ed9 ti\u1ec7t tr\u00f9ng UVC.<\/li>\n<\/ul>","protected":false},"excerpt":{"rendered":"<p>K\u1ebft h\u1ee3p c\u00f4ng ngh\u1ec7 Plasma Ion, t\u0103ng hi\u1ec7u qu\u1ea3 kh\u1eed tr\u00f9ng, v\u00e0 kh\u1eed m\u00f9i. Ti\u00eau di\u1ec7t vi khu\u1ea9n b\u1eb1ng UVC LED (**). Th\u1ec3 t\u00edch l\u1edbn 16L. Trang b\u1ecb 4 \u0111\u00e8n UVC-LED gi\u00fap t\u0103ng hi\u1ec7u qu\u1ea3 ti\u1ec7t tr\u00f9ng. Th\u1ef1c hi\u1ec7n 4 ch\u1ebf \u0111\u1ed9 ri\u00eang bi\u1ec7t, c\u00f3 th\u1ec3 thay \u0111\u1ed5i th\u1eddi gian: T\u1ef0 \u0110\u1ed8NG\/ TI\u1ec6T TR\u00d9NG\/ S\u1ea4Y&#8230;<\/p>","protected":false},"featured_media":1124,"template":"","meta":[],"product_brand":[],"product_cat":[26],"product_tag":[],"class_list":{"0":"post-1123","1":"product","2":"type-product","3":"status-publish","4":"has-post-thumbnail","6":"product_cat-cong-cu-ho-tro","8":"first","9":"instock","10":"shipping-taxable","11":"purchasable","12":"product-type-simple"},"yoast_head":"<!-- This site is optimized with the Yoast SEO plugin v26.7 - https:\/\/yoast.com\/wordpress\/plugins\/seo\/ -->\n<title>M\u00e1y \u00fap b\u00ecnh s\u1eefa (ti\u1ec7t tr\u00f9ng\/ s\u1ea5y kh\u00f4\/ kh\u1eed m\u00f9i\/b\u1ea3o qu\u1ea3n) UVC c\u00f4ng ngh\u1ec7 PLASMA Plastio 1 - T\u0102NG \u0110\u1ed8NG &amp; T\u1ef0 K\u1ef6 V\u1eaaN VUI<\/title>\n<meta name=\"robots\" content=\"index, follow, max-snippet:-1, max-image-preview:large, max-video-preview:-1\" \/>\n<link rel=\"canonical\" href=\"https:\/\/tangdongvatukyvanvui.vn\/en\/product\/may-up-binh-sua-tiet-trung-say-kho-khu-mui-bao-quan-uvc-cong-nghe-plasma-plastio-1\/\" \/>\n<meta property=\"og:locale\" content=\"en_US\" \/>\n<meta property=\"og:type\" content=\"article\" \/>\n<meta property=\"og:title\" content=\"M\u00e1y \u00fap b\u00ecnh s\u1eefa (ti\u1ec7t tr\u00f9ng\/ s\u1ea5y kh\u00f4\/ kh\u1eed m\u00f9i\/b\u1ea3o qu\u1ea3n) UVC c\u00f4ng ngh\u1ec7 PLASMA Plastio 1 - T\u0102NG \u0110\u1ed8NG &amp; T\u1ef0 K\u1ef6 V\u1eaaN VUI\" \/>\n<meta property=\"og:description\" content=\"K\u1ebft h\u1ee3p c\u00f4ng ngh\u1ec7 Plasma Ion, t\u0103ng hi\u1ec7u qu\u1ea3 kh\u1eed tr\u00f9ng, v\u00e0 kh\u1eed m\u00f9i. Ti\u00eau di\u1ec7t vi khu\u1ea9n b\u1eb1ng UVC LED (**). Th\u1ec3 t\u00edch l\u1edbn 16L. Trang b\u1ecb 4 \u0111\u00e8n UVC-LED gi\u00fap t\u0103ng hi\u1ec7u qu\u1ea3 ti\u1ec7t tr\u00f9ng. Th\u1ef1c hi\u1ec7n 4 ch\u1ebf \u0111\u1ed9 ri\u00eang bi\u1ec7t, c\u00f3 th\u1ec3 thay \u0111\u1ed5i th\u1eddi gian: T\u1ef0 \u0110\u1ed8NG\/ TI\u1ec6T TR\u00d9NG\/ S\u1ea4Y...\" \/>\n<meta property=\"og:url\" content=\"https:\/\/tangdongvatukyvanvui.vn\/en\/product\/may-up-binh-sua-tiet-trung-say-kho-khu-mui-bao-quan-uvc-cong-nghe-plasma-plastio-1\/\" \/>\n<meta property=\"og:site_name\" content=\"T\u0102NG \u0110\u1ed8NG &amp; T\u1ef0 K\u1ef6 V\u1eaaN VUI\" \/>\n<meta property=\"article:modified_time\" content=\"2026-01-28T08:54:26+00:00\" \/>\n<meta property=\"og:image\" content=\"https:\/\/tangdongvatukyvanvui.vn\/wp-content\/uploads\/2026\/01\/437f7c594ada9b47092e132c866ee1235e5b6013.png\" \/>\n\t<meta property=\"og:image:width\" content=\"1532\" \/>\n\t<meta property=\"og:image:height\" content=\"1350\" \/>\n\t<meta property=\"og:image:type\" content=\"image\/png\" \/>\n<meta name=\"twitter:card\" content=\"summary_large_image\" \/>\n<meta name=\"twitter:label1\" content=\"Est. reading time\" \/>\n\t<meta name=\"twitter:data1\" content=\"1 minute\" \/>\n<script type=\"application\/ld+json\" class=\"yoast-schema-graph\">{\"@context\":\"https:\/\/schema.org\",\"@graph\":[{\"@type\":\"WebPage\",\"@id\":\"https:\/\/tangdongvatukyvanvui.vn\/san-pham\/may-up-binh-sua-tiet-trung-say-kho-khu-mui-bao-quan-uvc-cong-nghe-plasma-plastio-1\",\"url\":\"https:\/\/tangdongvatukyvanvui.vn\/san-pham\/may-up-binh-sua-tiet-trung-say-kho-khu-mui-bao-quan-uvc-cong-nghe-plasma-plastio-1\",\"name\":\"M\u00e1y \u00fap b\u00ecnh s\u1eefa (ti\u1ec7t tr\u00f9ng\/ s\u1ea5y kh\u00f4\/ kh\u1eed m\u00f9i\/b\u1ea3o qu\u1ea3n) UVC c\u00f4ng ngh\u1ec7 PLASMA Plastio 1 - T\u0102NG \u0110\u1ed8NG &amp; T\u1ef0 K\u1ef6 V\u1eaaN VUI\",\"isPartOf\":{\"@id\":\"https:\/\/tangdongvatukyvanvui.vn\/#website\"},\"primaryImageOfPage\":{\"@id\":\"https:\/\/tangdongvatukyvanvui.vn\/san-pham\/may-up-binh-sua-tiet-trung-say-kho-khu-mui-bao-quan-uvc-cong-nghe-plasma-plastio-1#primaryimage\"},\"image\":{\"@id\":\"https:\/\/tangdongvatukyvanvui.vn\/san-pham\/may-up-binh-sua-tiet-trung-say-kho-khu-mui-bao-quan-uvc-cong-nghe-plasma-plastio-1#primaryimage\"},\"thumbnailUrl\":\"https:\/\/tangdongvatukyvanvui.vn\/wp-content\/uploads\/2026\/01\/437f7c594ada9b47092e132c866ee1235e5b6013.png\",\"datePublished\":\"2026-01-21T05:20:17+00:00\",\"dateModified\":\"2026-01-28T08:54:26+00:00\",\"breadcrumb\":{\"@id\":\"https:\/\/tangdongvatukyvanvui.vn\/san-pham\/may-up-binh-sua-tiet-trung-say-kho-khu-mui-bao-quan-uvc-cong-nghe-plasma-plastio-1#breadcrumb\"},\"inLanguage\":\"en-US\",\"potentialAction\":[{\"@type\":\"ReadAction\",\"target\":[\"https:\/\/tangdongvatukyvanvui.vn\/san-pham\/may-up-binh-sua-tiet-trung-say-kho-khu-mui-bao-quan-uvc-cong-nghe-plasma-plastio-1\"]}]},{\"@type\":\"ImageObject\",\"inLanguage\":\"en-US\",\"@id\":\"https:\/\/tangdongvatukyvanvui.vn\/san-pham\/may-up-binh-sua-tiet-trung-say-kho-khu-mui-bao-quan-uvc-cong-nghe-plasma-plastio-1#primaryimage\",\"url\":\"https:\/\/tangdongvatukyvanvui.vn\/wp-content\/uploads\/2026\/01\/437f7c594ada9b47092e132c866ee1235e5b6013.png\",\"contentUrl\":\"https:\/\/tangdongvatukyvanvui.vn\/wp-content\/uploads\/2026\/01\/437f7c594ada9b47092e132c866ee1235e5b6013.png\",\"width\":1532,\"height\":1350},{\"@type\":\"BreadcrumbList\",\"@id\":\"https:\/\/tangdongvatukyvanvui.vn\/san-pham\/may-up-binh-sua-tiet-trung-say-kho-khu-mui-bao-quan-uvc-cong-nghe-plasma-plastio-1#breadcrumb\",\"itemListElement\":[{\"@type\":\"ListItem\",\"position\":1,\"name\":\"Trang ch\u1ee7\",\"item\":\"https:\/\/tangdongvatukyvanvui.vn\/\"},{\"@type\":\"ListItem\",\"position\":2,\"name\":\"C\u1eeda h\u00e0ng\",\"item\":\"https:\/\/tangdongvatukyvanvui.vn\/cua-hang\"},{\"@type\":\"ListItem\",\"position\":3,\"name\":\"M\u00e1y \u00fap b\u00ecnh s\u1eefa (ti\u1ec7t tr\u00f9ng\/ s\u1ea5y kh\u00f4\/ kh\u1eed m\u00f9i\/b\u1ea3o qu\u1ea3n) UVC c\u00f4ng ngh\u1ec7 PLASMA Plastio 1\"}]},{\"@type\":\"WebSite\",\"@id\":\"https:\/\/tangdongvatukyvanvui.vn\/#website\",\"url\":\"https:\/\/tangdongvatukyvanvui.vn\/\",\"name\":\"T\u0102NG \u0110\u1ed8NG &amp; T\u1ef0 K\u1ef6 V\u1eaaN VUI\",\"description\":\"\",\"potentialAction\":[{\"@type\":\"SearchAction\",\"target\":{\"@type\":\"EntryPoint\",\"urlTemplate\":\"https:\/\/tangdongvatukyvanvui.vn\/?s={search_term_string}\"},\"query-input\":{\"@type\":\"PropertyValueSpecification\",\"valueRequired\":true,\"valueName\":\"search_term_string\"}}],\"inLanguage\":\"en-US\"}]}<\/script>\n<!-- \/ Yoast SEO plugin. -->","yoast_head_json":{"title":"M\u00e1y \u00fap b\u00ecnh s\u1eefa (ti\u1ec7t tr\u00f9ng\/ s\u1ea5y kh\u00f4\/ kh\u1eed m\u00f9i\/b\u1ea3o qu\u1ea3n) UVC c\u00f4ng ngh\u1ec7 PLASMA Plastio 1 - T\u0102NG \u0110\u1ed8NG &amp; T\u1ef0 K\u1ef6 V\u1eaaN VUI","robots":{"index":"index","follow":"follow","max-snippet":"max-snippet:-1","max-image-preview":"max-image-preview:large","max-video-preview":"max-video-preview:-1"},"canonical":"https:\/\/tangdongvatukyvanvui.vn\/en\/product\/may-up-binh-sua-tiet-trung-say-kho-khu-mui-bao-quan-uvc-cong-nghe-plasma-plastio-1\/","og_locale":"en_US","og_type":"article","og_title":"M\u00e1y \u00fap b\u00ecnh s\u1eefa (ti\u1ec7t tr\u00f9ng\/ s\u1ea5y kh\u00f4\/ kh\u1eed m\u00f9i\/b\u1ea3o qu\u1ea3n) UVC c\u00f4ng ngh\u1ec7 PLASMA Plastio 1 - T\u0102NG \u0110\u1ed8NG &amp; T\u1ef0 K\u1ef6 V\u1eaaN VUI","og_description":"K\u1ebft h\u1ee3p c\u00f4ng ngh\u1ec7 Plasma Ion, t\u0103ng hi\u1ec7u qu\u1ea3 kh\u1eed tr\u00f9ng, v\u00e0 kh\u1eed m\u00f9i. Ti\u00eau di\u1ec7t vi khu\u1ea9n b\u1eb1ng UVC LED (**). Th\u1ec3 t\u00edch l\u1edbn 16L. Trang b\u1ecb 4 \u0111\u00e8n UVC-LED gi\u00fap t\u0103ng hi\u1ec7u qu\u1ea3 ti\u1ec7t tr\u00f9ng. Th\u1ef1c hi\u1ec7n 4 ch\u1ebf \u0111\u1ed9 ri\u00eang bi\u1ec7t, c\u00f3 th\u1ec3 thay \u0111\u1ed5i th\u1eddi gian: T\u1ef0 \u0110\u1ed8NG\/ TI\u1ec6T TR\u00d9NG\/ S\u1ea4Y...","og_url":"https:\/\/tangdongvatukyvanvui.vn\/en\/product\/may-up-binh-sua-tiet-trung-say-kho-khu-mui-bao-quan-uvc-cong-nghe-plasma-plastio-1\/","og_site_name":"T\u0102NG \u0110\u1ed8NG &amp; T\u1ef0 K\u1ef6 V\u1eaaN VUI","article_modified_time":"2026-01-28T08:54:26+00:00","og_image":[{"width":1532,"height":1350,"url":"https:\/\/tangdongvatukyvanvui.vn\/wp-content\/uploads\/2026\/01\/437f7c594ada9b47092e132c866ee1235e5b6013.png","type":"image\/png"}],"twitter_card":"summary_large_image","twitter_misc":{"Est. reading time":"1 minute"},"schema":{"@context":"https:\/\/schema.org","@graph":[{"@type":"WebPage","@id":"https:\/\/tangdongvatukyvanvui.vn\/san-pham\/may-up-binh-sua-tiet-trung-say-kho-khu-mui-bao-quan-uvc-cong-nghe-plasma-plastio-1","url":"https:\/\/tangdongvatukyvanvui.vn\/san-pham\/may-up-binh-sua-tiet-trung-say-kho-khu-mui-bao-quan-uvc-cong-nghe-plasma-plastio-1","name":"M\u00e1y \u00fap b\u00ecnh s\u1eefa (ti\u1ec7t tr\u00f9ng\/ s\u1ea5y kh\u00f4\/ kh\u1eed m\u00f9i\/b\u1ea3o qu\u1ea3n) UVC c\u00f4ng ngh\u1ec7 PLASMA Plastio 1 - T\u0102NG \u0110\u1ed8NG &amp; T\u1ef0 K\u1ef6 V\u1eaaN VUI","isPartOf":{"@id":"https:\/\/tangdongvatukyvanvui.vn\/#website"},"primaryImageOfPage":{"@id":"https:\/\/tangdongvatukyvanvui.vn\/san-pham\/may-up-binh-sua-tiet-trung-say-kho-khu-mui-bao-quan-uvc-cong-nghe-plasma-plastio-1#primaryimage"},"image":{"@id":"https:\/\/tangdongvatukyvanvui.vn\/san-pham\/may-up-binh-sua-tiet-trung-say-kho-khu-mui-bao-quan-uvc-cong-nghe-plasma-plastio-1#primaryimage"},"thumbnailUrl":"https:\/\/tangdongvatukyvanvui.vn\/wp-content\/uploads\/2026\/01\/437f7c594ada9b47092e132c866ee1235e5b6013.png","datePublished":"2026-01-21T05:20:17+00:00","dateModified":"2026-01-28T08:54:26+00:00","breadcrumb":{"@id":"https:\/\/tangdongvatukyvanvui.vn\/san-pham\/may-up-binh-sua-tiet-trung-say-kho-khu-mui-bao-quan-uvc-cong-nghe-plasma-plastio-1#breadcrumb"},"inLanguage":"en-US","potentialAction":[{"@type":"ReadAction","target":["https:\/\/tangdongvatukyvanvui.vn\/san-pham\/may-up-binh-sua-tiet-trung-say-kho-khu-mui-bao-quan-uvc-cong-nghe-plasma-plastio-1"]}]},{"@type":"ImageObject","inLanguage":"en-US","@id":"https:\/\/tangdongvatukyvanvui.vn\/san-pham\/may-up-binh-sua-tiet-trung-say-kho-khu-mui-bao-quan-uvc-cong-nghe-plasma-plastio-1#primaryimage","url":"https:\/\/tangdongvatukyvanvui.vn\/wp-content\/uploads\/2026\/01\/437f7c594ada9b47092e132c866ee1235e5b6013.png","contentUrl":"https:\/\/tangdongvatukyvanvui.vn\/wp-content\/uploads\/2026\/01\/437f7c594ada9b47092e132c866ee1235e5b6013.png","width":1532,"height":1350},{"@type":"BreadcrumbList","@id":"https:\/\/tangdongvatukyvanvui.vn\/san-pham\/may-up-binh-sua-tiet-trung-say-kho-khu-mui-bao-quan-uvc-cong-nghe-plasma-plastio-1#breadcrumb","itemListElement":[{"@type":"ListItem","position":1,"name":"Trang ch\u1ee7","item":"https:\/\/tangdongvatukyvanvui.vn\/"},{"@type":"ListItem","position":2,"name":"C\u1eeda h\u00e0ng","item":"https:\/\/tangdongvatukyvanvui.vn\/cua-hang"},{"@type":"ListItem","position":3,"name":"M\u00e1y \u00fap b\u00ecnh s\u1eefa (ti\u1ec7t tr\u00f9ng\/ s\u1ea5y kh\u00f4\/ kh\u1eed m\u00f9i\/b\u1ea3o qu\u1ea3n) UVC c\u00f4ng ngh\u1ec7 PLASMA Plastio 1"}]},{"@type":"WebSite","@id":"https:\/\/tangdongvatukyvanvui.vn\/#website","url":"https:\/\/tangdongvatukyvanvui.vn\/","name":"T\u0102NG \u0110\u1ed8NG &amp; T\u1ef0 K\u1ef6 V\u1eaaN VUI","description":"","potentialAction":[{"@type":"SearchAction","target":{"@type":"EntryPoint","urlTemplate":"https:\/\/tangdongvatukyvanvui.vn\/?s={search_term_string}"},"query-input":{"@type":"PropertyValueSpecification","valueRequired":true,"valueName":"search_term_string"}}],"inLanguage":"en-US"}]}},"_links":{"self":[{"href":"https:\/\/tangdongvatukyvanvui.vn\/en\/wp-json\/wp\/v2\/product\/1123","targetHints":{"allow":["GET"]}}],"collection":[{"href":"https:\/\/tangdongvatukyvanvui.vn\/en\/wp-json\/wp\/v2\/product"}],"about":[{"href":"https:\/\/tangdongvatukyvanvui.vn\/en\/wp-json\/wp\/v2\/types\/product"}],"wp:featuredmedia":[{"embeddable":true,"href":"https:\/\/tangdongvatukyvanvui.vn\/en\/wp-json\/wp\/v2\/media\/1124"}],"wp:attachment":[{"href":"https:\/\/tangdongvatukyvanvui.vn\/en\/wp-json\/wp\/v2\/media?parent=1123"}],"wp:term":[{"taxonomy":"product_brand","embeddable":true,"href":"https:\/\/tangdongvatukyvanvui.vn\/en\/wp-json\/wp\/v2\/product_brand?post=1123"},{"taxonomy":"product_cat","embeddable":true,"href":"https:\/\/tangdongvatukyvanvui.vn\/en\/wp-json\/wp\/v2\/product_cat?post=1123"},{"taxonomy":"product_tag","embeddable":true,"href":"https:\/\/tangdongvatukyvanvui.vn\/en\/wp-json\/wp\/v2\/product_tag?post=1123"}],"curies":[{"name":"wp","href":"https:\/\/api.w.org\/{rel}","templated":true}]}}