{"id":8,"date":"2022-10-28T21:12:38","date_gmt":"2022-10-28T21:12:38","guid":{"rendered":"https:\/\/thucpham01.themeweb.com.vn\/gio-hang\/"},"modified":"2026-01-22T02:37:19","modified_gmt":"2026-01-22T02:37:19","slug":"gio-hang","status":"publish","type":"page","link":"https:\/\/tangdongvatukyvanvui.vn\/en\/gio-hang","title":{"rendered":"Gi\u1ecf h\u00e0ng"},"content":{"rendered":"<section class=\"section s-gio-hang\" id=\"section_1659496690\">\n\t\t<div class=\"bg section-bg fill bg-fill  bg-loaded\" >\n\n\t\t\t\n\t\t\t\n\t\t\t\n\n\t\t<\/div>\n\n\t\t\n\t<div class=\"ux-shape-divider ux-shape-divider--bottom ux-shape-divider--style-waves-opacity-3\">\n\t\t<svg viewbox=\"0 0 1000 300\" xmlns=\"http:\/\/www.w3.org\/2000\/svg\" preserveaspectratio=\"none\">\n\t<path class=\"ux-shape-fill\" opacity=\"0.05\" d=\"M1014 264V386H206L34 300C34 300 344.42 277.16 436 221C542 156 590 160 704 209C811 255 899.11 214.94 979 346L1014 264Z\"\/>\n\t<path class=\"ux-shape-fill\" opacity=\"0.1\" d=\"M-302 55C-302 55 -66.73 263.25 50 214C178 160 283 116 353 141C445.68 174.1 534.28 256.19 588 249C692.9 235 764.52 75.94 855 131C940.61 183.09 1000 254 1000 254V328L-306 338L-302 55Z\"\/>\n\t<path class=\"ux-shape-fill\" opacity=\"0.15\" d=\"M-286 255C-286 255 -72 152 52 126C176 100 255 155 436 227C581.57 284.91 614.7 277.79 708 227C787 184 1009 3.0001 1093 164C1146 265.63 1031 293 1031 293L924 377L-288 389L-286 255Z\"\/>\n\t<path class=\"ux-shape-fill\" opacity=\"0.3\" d=\"M-24 69C-24 69 275.68 370.66 389 314C397 310 622 316 673 356C690.47 369.7 845 224 890 182C944.8 130.85 1018 92 1078 143C1154.12 207.7 1196 242 1196 242L1184 374L-28 386L-24 69Z\"\/>\n\t<path class=\"ux-shape-fill\" d=\"M-12 201C-12 201 58 284 182 258C306 232 342.29 221.23 456 264C565 305 640.82 288.36 721 249C776 222 837.5 191.31 935 253C984 284 1030 279 1030 279L1024 430L-12 440V201Z\"\/>\n<\/svg>\n\t<\/div>\n\n\t\t<div class=\"section-content relative\">\n\t\t\t\n\n\n\t\t<\/div>\n\n\t\t\n<style>\n#section_1659496690 {\n  padding-top: 30px;\n  padding-bottom: 30px;\n  min-height: 250px;\n}\n#section_1659496690 .ux-shape-divider--top svg {\n  height: 150px;\n  --divider-top-width: 100%;\n}\n#section_1659496690 .ux-shape-divider--bottom svg {\n  height: 150px;\n  --divider-width: 100%;\n}\n<\/style>\n\t<\/section>\n\t\n\t<section class=\"section\" id=\"section_1249529621\">\n\t\t<div class=\"bg section-bg fill bg-fill  bg-loaded\" >\n\n\t\t\t\n\t\t\t\n\t\t\t\n\n\t\t<\/div>\n\n\t\t\n\n\t\t<div class=\"section-content relative\">\n\t\t\t\n\n<div class=\"container section-title-container\" ><h1 class=\"section-title section-title-normal\"><b><\/b><span class=\"section-title-main\" style=\"color:rgb(70, 113, 244);\">YOUR SHOPPING CART<\/span><b><\/b><\/h1><\/div>\n\n\n\t\t<\/div>\n\n\t\t\n<style>\n#section_1249529621 {\n  padding-top: 30px;\n  padding-bottom: 30px;\n}\n#section_1249529621 .ux-shape-divider--top svg {\n  height: 150px;\n  --divider-top-width: 100%;\n}\n#section_1249529621 .ux-shape-divider--bottom svg {\n  height: 150px;\n  --divider-width: 100%;\n}\n<\/style>\n\t<\/section>\n\t\n\n\n\t<div id=\"gap-394938604\" class=\"gap-element clearfix\" style=\"display:block; height:auto;\">\n\t\t\n<style>\n#gap-394938604 {\n  padding-top: 30px;\n}\n<\/style>\n\t<\/div>","protected":false},"excerpt":{"rendered":"","protected":false},"author":1,"featured_media":0,"parent":0,"menu_order":0,"comment_status":"closed","ping_status":"closed","template":"page-blank.php","meta":{"footnotes":""},"class_list":["post-8","page","type-page","status-publish","hentry"],"yoast_head":"<!-- This site is optimized with the Yoast SEO plugin v26.7 - https:\/\/yoast.com\/wordpress\/plugins\/seo\/ -->\n<title>Gi\u1ecf h\u00e0ng - T\u0102NG \u0110\u1ed8NG &amp; T\u1ef0 K\u1ef6 V\u1eaaN VUI<\/title>\n<meta name=\"robots\" content=\"index, follow, max-snippet:-1, max-image-preview:large, max-video-preview:-1\" \/>\n<link rel=\"canonical\" href=\"https:\/\/tangdongvatukyvanvui.vn\/en\/gio-hang\/\" \/>\n<meta property=\"og:locale\" content=\"en_US\" \/>\n<meta property=\"og:type\" content=\"article\" \/>\n<meta property=\"og:title\" content=\"Gi\u1ecf h\u00e0ng - T\u0102NG \u0110\u1ed8NG &amp; T\u1ef0 K\u1ef6 V\u1eaaN VUI\" \/>\n<meta property=\"og:url\" content=\"https:\/\/tangdongvatukyvanvui.vn\/en\/gio-hang\/\" \/>\n<meta property=\"og:site_name\" content=\"T\u0102NG \u0110\u1ed8NG &amp; T\u1ef0 K\u1ef6 V\u1eaaN VUI\" \/>\n<meta property=\"article:modified_time\" content=\"2026-01-22T02:37:19+00:00\" \/>\n<meta name=\"twitter:card\" content=\"summary_large_image\" \/>\n<meta name=\"twitter:label1\" content=\"Est. reading time\" \/>\n\t<meta name=\"twitter:data1\" content=\"1 minute\" \/>\n<script type=\"application\/ld+json\" class=\"yoast-schema-graph\">{\"@context\":\"https:\/\/schema.org\",\"@graph\":[{\"@type\":\"WebPage\",\"@id\":\"https:\/\/tangdongvatukyvanvui.vn\/gio-hang\",\"url\":\"https:\/\/tangdongvatukyvanvui.vn\/gio-hang\",\"name\":\"Gi\u1ecf h\u00e0ng - T\u0102NG \u0110\u1ed8NG &amp; T\u1ef0 K\u1ef6 V\u1eaaN VUI\",\"isPartOf\":{\"@id\":\"https:\/\/tangdongvatukyvanvui.vn\/#website\"},\"datePublished\":\"2022-10-28T21:12:38+00:00\",\"dateModified\":\"2026-01-22T02:37:19+00:00\",\"breadcrumb\":{\"@id\":\"https:\/\/tangdongvatukyvanvui.vn\/gio-hang#breadcrumb\"},\"inLanguage\":\"en-US\",\"potentialAction\":[{\"@type\":\"ReadAction\",\"target\":[\"https:\/\/tangdongvatukyvanvui.vn\/gio-hang\"]}]},{\"@type\":\"BreadcrumbList\",\"@id\":\"https:\/\/tangdongvatukyvanvui.vn\/gio-hang#breadcrumb\",\"itemListElement\":[{\"@type\":\"ListItem\",\"position\":1,\"name\":\"Trang ch\u1ee7\",\"item\":\"https:\/\/tangdongvatukyvanvui.vn\/\"},{\"@type\":\"ListItem\",\"position\":2,\"name\":\"Gi\u1ecf h\u00e0ng\"}]},{\"@type\":\"WebSite\",\"@id\":\"https:\/\/tangdongvatukyvanvui.vn\/#website\",\"url\":\"https:\/\/tangdongvatukyvanvui.vn\/\",\"name\":\"T\u0102NG \u0110\u1ed8NG &amp; T\u1ef0 K\u1ef6 V\u1eaaN VUI\",\"description\":\"\",\"potentialAction\":[{\"@type\":\"SearchAction\",\"target\":{\"@type\":\"EntryPoint\",\"urlTemplate\":\"https:\/\/tangdongvatukyvanvui.vn\/?s={search_term_string}\"},\"query-input\":{\"@type\":\"PropertyValueSpecification\",\"valueRequired\":true,\"valueName\":\"search_term_string\"}}],\"inLanguage\":\"en-US\"}]}<\/script>\n<!-- \/ Yoast SEO plugin. -->","yoast_head_json":{"title":"Gi\u1ecf h\u00e0ng - T\u0102NG \u0110\u1ed8NG &amp; T\u1ef0 K\u1ef6 V\u1eaaN VUI","robots":{"index":"index","follow":"follow","max-snippet":"max-snippet:-1","max-image-preview":"max-image-preview:large","max-video-preview":"max-video-preview:-1"},"canonical":"https:\/\/tangdongvatukyvanvui.vn\/en\/gio-hang\/","og_locale":"en_US","og_type":"article","og_title":"Gi\u1ecf h\u00e0ng - T\u0102NG \u0110\u1ed8NG &amp; T\u1ef0 K\u1ef6 V\u1eaaN VUI","og_url":"https:\/\/tangdongvatukyvanvui.vn\/en\/gio-hang\/","og_site_name":"T\u0102NG \u0110\u1ed8NG &amp; T\u1ef0 K\u1ef6 V\u1eaaN VUI","article_modified_time":"2026-01-22T02:37:19+00:00","twitter_card":"summary_large_image","twitter_misc":{"Est. reading time":"1 minute"},"schema":{"@context":"https:\/\/schema.org","@graph":[{"@type":"WebPage","@id":"https:\/\/tangdongvatukyvanvui.vn\/gio-hang","url":"https:\/\/tangdongvatukyvanvui.vn\/gio-hang","name":"Gi\u1ecf h\u00e0ng - T\u0102NG \u0110\u1ed8NG &amp; T\u1ef0 K\u1ef6 V\u1eaaN VUI","isPartOf":{"@id":"https:\/\/tangdongvatukyvanvui.vn\/#website"},"datePublished":"2022-10-28T21:12:38+00:00","dateModified":"2026-01-22T02:37:19+00:00","breadcrumb":{"@id":"https:\/\/tangdongvatukyvanvui.vn\/gio-hang#breadcrumb"},"inLanguage":"en-US","potentialAction":[{"@type":"ReadAction","target":["https:\/\/tangdongvatukyvanvui.vn\/gio-hang"]}]},{"@type":"BreadcrumbList","@id":"https:\/\/tangdongvatukyvanvui.vn\/gio-hang#breadcrumb","itemListElement":[{"@type":"ListItem","position":1,"name":"Trang ch\u1ee7","item":"https:\/\/tangdongvatukyvanvui.vn\/"},{"@type":"ListItem","position":2,"name":"Gi\u1ecf h\u00e0ng"}]},{"@type":"WebSite","@id":"https:\/\/tangdongvatukyvanvui.vn\/#website","url":"https:\/\/tangdongvatukyvanvui.vn\/","name":"T\u0102NG \u0110\u1ed8NG &amp; T\u1ef0 K\u1ef6 V\u1eaaN VUI","description":"","potentialAction":[{"@type":"SearchAction","target":{"@type":"EntryPoint","urlTemplate":"https:\/\/tangdongvatukyvanvui.vn\/?s={search_term_string}"},"query-input":{"@type":"PropertyValueSpecification","valueRequired":true,"valueName":"search_term_string"}}],"inLanguage":"en-US"}]}},"_links":{"self":[{"href":"https:\/\/tangdongvatukyvanvui.vn\/en\/wp-json\/wp\/v2\/pages\/8","targetHints":{"allow":["GET"]}}],"collection":[{"href":"https:\/\/tangdongvatukyvanvui.vn\/en\/wp-json\/wp\/v2\/pages"}],"about":[{"href":"https:\/\/tangdongvatukyvanvui.vn\/en\/wp-json\/wp\/v2\/types\/page"}],"author":[{"embeddable":true,"href":"https:\/\/tangdongvatukyvanvui.vn\/en\/wp-json\/wp\/v2\/users\/1"}],"replies":[{"embeddable":true,"href":"https:\/\/tangdongvatukyvanvui.vn\/en\/wp-json\/wp\/v2\/comments?post=8"}],"version-history":[{"count":15,"href":"https:\/\/tangdongvatukyvanvui.vn\/en\/wp-json\/wp\/v2\/pages\/8\/revisions"}],"predecessor-version":[{"id":1179,"href":"https:\/\/tangdongvatukyvanvui.vn\/en\/wp-json\/wp\/v2\/pages\/8\/revisions\/1179"}],"wp:attachment":[{"href":"https:\/\/tangdongvatukyvanvui.vn\/en\/wp-json\/wp\/v2\/media?parent=8"}],"curies":[{"name":"wp","href":"https:\/\/api.w.org\/{rel}","templated":true}]}}